{"id":246,"date":"2024-12-19T12:36:11","date_gmt":"2024-12-19T12:36:11","guid":{"rendered":"http:\/\/aztradestore.com\/?post_type=product&#038;p=246"},"modified":"2024-12-19T12:36:40","modified_gmt":"2024-12-19T12:36:40","slug":"candy-easy-ey-1291de-1-s","status":"publish","type":"product","link":"https:\/\/aztradestore.com\/?product=candy-easy-ey-1291de-1-s","title":{"rendered":"Candy Easy EY 1291DE\/1-S"},"content":{"rendered":"<p>Con Candy Easy tutto \u00e8 pi\u00f9 facile che mai! Se stai cercando una lavatrice facile da usare ed efficace? Easy \u00e8 la soluzione giusta per te. Goditi la sua serie completa di programmi di lavaggio rapidi senza rinunciare a grandi prestazioni. Inoltre, puoi ritardare l&#8217;inizio del ciclo di lavaggio, prevenendo gli odori sgradevoli provenienti dai capi bagnati&#8230;<\/p>\n","protected":false},"excerpt":{"rendered":"<p>Candy Easy EY 1291DE\/1-S lavatrice Caricamento frontale 9 kg 1200 Giri\/min Bianco<\/p>\n","protected":false},"featured_media":276,"comment_status":"open","ping_status":"closed","template":"","meta":{"_et_pb_use_builder":"","_et_pb_old_content":"","_et_gb_content_width":""},"product_cat":[43],"product_tag":[],"class_list":{"0":"post-246","1":"product","2":"type-product","3":"status-publish","4":"has-post-thumbnail","6":"product_cat-elettrodomestici","8":"first","9":"instock","10":"shipping-taxable","11":"purchasable","12":"product-type-simple"},"_links":{"self":[{"href":"https:\/\/aztradestore.com\/index.php?rest_route=\/wp\/v2\/product\/246","targetHints":{"allow":["GET"]}}],"collection":[{"href":"https:\/\/aztradestore.com\/index.php?rest_route=\/wp\/v2\/product"}],"about":[{"href":"https:\/\/aztradestore.com\/index.php?rest_route=\/wp\/v2\/types\/product"}],"replies":[{"embeddable":true,"href":"https:\/\/aztradestore.com\/index.php?rest_route=%2Fwp%2Fv2%2Fcomments&post=246"}],"wp:featuredmedia":[{"embeddable":true,"href":"https:\/\/aztradestore.com\/index.php?rest_route=\/wp\/v2\/media\/276"}],"wp:attachment":[{"href":"https:\/\/aztradestore.com\/index.php?rest_route=%2Fwp%2Fv2%2Fmedia&parent=246"}],"wp:term":[{"taxonomy":"product_cat","embeddable":true,"href":"https:\/\/aztradestore.com\/index.php?rest_route=%2Fwp%2Fv2%2Fproduct_cat&post=246"},{"taxonomy":"product_tag","embeddable":true,"href":"https:\/\/aztradestore.com\/index.php?rest_route=%2Fwp%2Fv2%2Fproduct_tag&post=246"}],"curies":[{"name":"wp","href":"https:\/\/api.w.org\/{rel}","templated":true}]}}