{"id":241,"date":"2024-12-19T12:36:10","date_gmt":"2024-12-19T12:36:10","guid":{"rendered":"http:\/\/aztradestore.com\/?post_type=product&#038;p=241"},"modified":"2024-12-19T12:36:35","modified_gmt":"2024-12-19T12:36:35","slug":"headset-logitech-vibe-100-off-white-981-001219","status":"publish","type":"product","link":"https:\/\/aztradestore.com\/?product=headset-logitech-vibe-100-off-white-981-001219","title":{"rendered":"Headset Logitech Vibe 100 &#8211; Off-White (981-001219)"},"content":{"rendered":"<ul class=\"italiaonline-store-theme-6-x-infoListBullet\">\n<li>Work. Play. Vibe: Adatte al tuo stile di lavoro e di gioco, le cuffie wireless over-ear Zone Vibe 100 sono professionali per l&#8217;ufficio, casual per la casa e disponibili in tre colori moderni<\/li>\n<li>Video Riunioni da Casa Pi\u00f9 Facili: Compatibili con le pi\u00f9 diffuse piattaforme video come Google Meet, Microsoft Teams e Zoom, con le cuffie over-ear \u00e8 pi\u00f9 semplice partecipare a qualsiasi riunione<\/li>\n<li>Tecnologia di Cancellazione del Rumore: Tramite la tecnologia beamforming e l&#8217;elaborazione digitale del segnale (DSP), Zone Vibe 100 cattura la tua voce con nitidezza e blocca suoni di sottofondo<\/li>\n<li>Audio Coinvolgente: Gli altoparlanti da 40 mm delle cuffie audiofile wireless Zone Vibe 100 offrono un audio ricco, dando vita a musica e videoconferenze con bassi corposi, alti nitidi e bassa distorsione<\/li>\n<li>Libert\u00e0 Senza Fili: Passa senza problemi da un dispositivo all&#8217;altro con le cuffie Bluetooth multipoint e goditi fino a 18 ore di utilizzo wireless con ogni ricarica<\/li>\n<li>Comfort e Leggerezza: Grazie al loro design leggero come una piuma e copriorecchie in memory foam, queste comode cuffie sono progettate per non stancare, anche durante lunghe riunioni<\/li>\n<li>Microfono Flip to Mute: Il microfono delle cuffie con cancellazione del rumore si nasconde quando non \u00e8 in uso, garantendo privacy e un look ordinato in qualsiasi momento e con un solo preavviso<\/li>\n<\/ul>\n","protected":false},"excerpt":{"rendered":"<p>Headset Logitech Vibe 100 &#8211; Off-White (981-001219)<\/p>\n","protected":false},"featured_media":271,"comment_status":"open","ping_status":"closed","template":"","meta":{"_et_pb_use_builder":"","_et_pb_old_content":"","_et_gb_content_width":""},"product_cat":[42,23],"product_tag":[],"class_list":{"0":"post-241","1":"product","2":"type-product","3":"status-publish","4":"has-post-thumbnail","6":"product_cat-cuffie-speaker-e-microfoni","7":"product_cat-periferiche-esterne","9":"first","10":"instock","11":"shipping-taxable","12":"purchasable","13":"product-type-simple"},"_links":{"self":[{"href":"https:\/\/aztradestore.com\/index.php?rest_route=\/wp\/v2\/product\/241","targetHints":{"allow":["GET"]}}],"collection":[{"href":"https:\/\/aztradestore.com\/index.php?rest_route=\/wp\/v2\/product"}],"about":[{"href":"https:\/\/aztradestore.com\/index.php?rest_route=\/wp\/v2\/types\/product"}],"replies":[{"embeddable":true,"href":"https:\/\/aztradestore.com\/index.php?rest_route=%2Fwp%2Fv2%2Fcomments&post=241"}],"wp:featuredmedia":[{"embeddable":true,"href":"https:\/\/aztradestore.com\/index.php?rest_route=\/wp\/v2\/media\/271"}],"wp:attachment":[{"href":"https:\/\/aztradestore.com\/index.php?rest_route=%2Fwp%2Fv2%2Fmedia&parent=241"}],"wp:term":[{"taxonomy":"product_cat","embeddable":true,"href":"https:\/\/aztradestore.com\/index.php?rest_route=%2Fwp%2Fv2%2Fproduct_cat&post=241"},{"taxonomy":"product_tag","embeddable":true,"href":"https:\/\/aztradestore.com\/index.php?rest_route=%2Fwp%2Fv2%2Fproduct_tag&post=241"}],"curies":[{"name":"wp","href":"https:\/\/api.w.org\/{rel}","templated":true}]}}