{"id":238,"date":"2024-12-19T12:36:10","date_gmt":"2024-12-19T12:36:10","guid":{"rendered":"http:\/\/aztradestore.com\/?post_type=product&#038;p=238"},"modified":"2024-12-19T12:36:31","modified_gmt":"2024-12-19T12:36:31","slug":"msi-mpg-z790-carbon-wifi","status":"publish","type":"product","link":"https:\/\/aztradestore.com\/?product=msi-mpg-z790-carbon-wifi","title":{"rendered":"MSI MPG Z790 CARBON WIFI"},"content":{"rendered":"<ul type=\"disc\">\n<li>supporta 12 e 13. Processori Intel\u00ae Core\u2122 \/ Pentium\u00ae \/ Celeron\u00ae di generazione per socket LGA 1700<\/li>\n<li>Supporta la memoria di lavoro DDR5, fino a 7600+(OC) MHz<\/li>\n<li>Gioco super veloce: Slot PCIe 5.0, Lightning Gen 5 x4 M.2, USB 3.2 Gen 2&#215;2<\/li>\n<li>Design delle prestazioni migliorato: Potenza di fase 19+1+1, Core Boost, Memory Boost<\/li>\n<li>Soluzione di raffreddamento Premium: Dissipatore di calore avanzato, pad termici MOSFET 7W\/mK, pad termici a bobina aggiuntivi e schermatura M.2 Frozr sono progettati per un sistema ad alte prestazioni e giochi non stop<\/li>\n<li>2.5G LAN con Wi-FI 6E: Soluzione di rete all&#8217;avanguardia per l&#8217;uso professionale e multimediale. Fornisce una connessione di rete sicura, stabile e veloce<\/li>\n<li>AUDIO BOOST 5: Vivi un&#8217;esperienza di gioco intensa con audio di qualit\u00e0 studio<\/li>\n<li>Circuito stampato di alta qualit\u00e0: PCB a 8 strati realizzato in materiale a livello di server<\/li>\n<li>Shield I\/O preinstallato: Migliore protezione EMI e maggiore comfort durante l&#8217;installazione<\/li>\n<\/ul>\n<p>Il WiFi in CARBONIO MPG Z790 si basa su un colore nero al carbonio e un&#8217;illuminazione RGB per sottolineare la sua personalit\u00e0 e identit\u00e0. Non \u00e8 solo elegante, ma anche potente.<\/p>\n","protected":false},"excerpt":{"rendered":"<p>MSI MPG Z790 CARBON WIFI<\/p>\n","protected":false},"featured_media":267,"comment_status":"open","ping_status":"closed","template":"","meta":{"_et_pb_use_builder":"","_et_pb_old_content":"","_et_gb_content_width":""},"product_cat":[19,41],"product_tag":[],"class_list":{"0":"post-238","1":"product","2":"type-product","3":"status-publish","4":"has-post-thumbnail","6":"product_cat-componenti-pc","7":"product_cat-schede-madre","9":"first","10":"instock","11":"shipping-taxable","12":"purchasable","13":"product-type-simple"},"_links":{"self":[{"href":"https:\/\/aztradestore.com\/index.php?rest_route=\/wp\/v2\/product\/238","targetHints":{"allow":["GET"]}}],"collection":[{"href":"https:\/\/aztradestore.com\/index.php?rest_route=\/wp\/v2\/product"}],"about":[{"href":"https:\/\/aztradestore.com\/index.php?rest_route=\/wp\/v2\/types\/product"}],"replies":[{"embeddable":true,"href":"https:\/\/aztradestore.com\/index.php?rest_route=%2Fwp%2Fv2%2Fcomments&post=238"}],"wp:featuredmedia":[{"embeddable":true,"href":"https:\/\/aztradestore.com\/index.php?rest_route=\/wp\/v2\/media\/267"}],"wp:attachment":[{"href":"https:\/\/aztradestore.com\/index.php?rest_route=%2Fwp%2Fv2%2Fmedia&parent=238"}],"wp:term":[{"taxonomy":"product_cat","embeddable":true,"href":"https:\/\/aztradestore.com\/index.php?rest_route=%2Fwp%2Fv2%2Fproduct_cat&post=238"},{"taxonomy":"product_tag","embeddable":true,"href":"https:\/\/aztradestore.com\/index.php?rest_route=%2Fwp%2Fv2%2Fproduct_tag&post=238"}],"curies":[{"name":"wp","href":"https:\/\/api.w.org\/{rel}","templated":true}]}}