{"id":229,"date":"2024-12-19T12:36:10","date_gmt":"2024-12-19T12:36:10","guid":{"rendered":"http:\/\/aztradestore.com\/?post_type=product&#038;p=229"},"modified":"2024-12-19T12:36:22","modified_gmt":"2024-12-19T12:36:22","slug":"corsair-icue-link-qx120-rgb","status":"publish","type":"product","link":"https:\/\/aztradestore.com\/?product=corsair-icue-link-qx120-rgb","title":{"rendered":"Corsair iCUE LINK QX120 RGB"},"content":{"rendered":"<ul class=\"a-unordered-list a-vertical a-spacing-mini\">\n<li class=\"a-spacing-mini\"><span class=\"a-list-item\">Diametro del ventilatore: 12 cm<\/span><\/li>\n<li class=\"a-spacing-mini\"><span class=\"a-list-item\">Velocit\u00e0 (bassa) di rotazione: 480 giri\/minuti, velocit\u00e0 (alta) di rotazione: 2400 giri\/minuti<\/span><\/li>\n<li class=\"a-spacing-mini\"><span class=\"a-list-item\">Rumorosit\u00e0 (velocit\u00e0 bassa): 10 dB, rumorosit\u00e0 (velocit\u00e0 alta): 37 dB<\/span><\/li>\n<\/ul>\n","protected":false},"excerpt":{"rendered":"<p>Corsair iCUE LINK QX120 RGB 120-mm-PWM-L after-Starter-Kit &#8211; CO-9051002-WW<\/p>\n","protected":false},"featured_media":258,"comment_status":"open","ping_status":"closed","template":"","meta":{"_et_pb_use_builder":"","_et_pb_old_content":"","_et_gb_content_width":""},"product_cat":[35,19],"product_tag":[],"class_list":{"0":"post-229","1":"product","2":"type-product","3":"status-publish","4":"has-post-thumbnail","6":"product_cat-case","7":"product_cat-componenti-pc","9":"first","10":"instock","11":"shipping-taxable","12":"purchasable","13":"product-type-simple"},"_links":{"self":[{"href":"https:\/\/aztradestore.com\/index.php?rest_route=\/wp\/v2\/product\/229","targetHints":{"allow":["GET"]}}],"collection":[{"href":"https:\/\/aztradestore.com\/index.php?rest_route=\/wp\/v2\/product"}],"about":[{"href":"https:\/\/aztradestore.com\/index.php?rest_route=\/wp\/v2\/types\/product"}],"replies":[{"embeddable":true,"href":"https:\/\/aztradestore.com\/index.php?rest_route=%2Fwp%2Fv2%2Fcomments&post=229"}],"wp:featuredmedia":[{"embeddable":true,"href":"https:\/\/aztradestore.com\/index.php?rest_route=\/wp\/v2\/media\/258"}],"wp:attachment":[{"href":"https:\/\/aztradestore.com\/index.php?rest_route=%2Fwp%2Fv2%2Fmedia&parent=229"}],"wp:term":[{"taxonomy":"product_cat","embeddable":true,"href":"https:\/\/aztradestore.com\/index.php?rest_route=%2Fwp%2Fv2%2Fproduct_cat&post=229"},{"taxonomy":"product_tag","embeddable":true,"href":"https:\/\/aztradestore.com\/index.php?rest_route=%2Fwp%2Fv2%2Fproduct_tag&post=229"}],"curies":[{"name":"wp","href":"https:\/\/api.w.org\/{rel}","templated":true}]}}