{"id":201,"date":"2024-12-19T12:35:48","date_gmt":"2024-12-19T12:35:48","guid":{"rendered":"http:\/\/aztradestore.com\/?post_type=product&#038;p=201"},"modified":"2024-12-19T12:36:16","modified_gmt":"2024-12-19T12:36:16","slug":"mouse-sharkoon-shark-force-ii-black","status":"publish","type":"product","link":"https:\/\/aztradestore.com\/?product=mouse-sharkoon-shark-force-ii-black","title":{"rendered":"Mouse Sharkoon Shark Force II Black"},"content":{"rendered":"<p>Massima potenza! Con il mouse da gioco SHARK Force II, abbiamo voluto riportare in vita uno dei nostri classici pi\u00f9 amati. Sebbene il suo insolito design dai profili angolari sia stato mantenuto in tre versioni dai colori diversi, abbiamo attuato un lieve miglioramento al suo interno. Grazie a un sensore notevolmente pi\u00f9 potente e ai suoi sei livelli DPI selezionabili, il mouse offre maggiore flessibilit\u00e0 e versatilit\u00e0, nonostante il focus rimanga sull&#8217;essenzialit\u00e0 delle caratteristiche dello SHARK Force II.<\/p>\n","protected":false},"excerpt":{"rendered":"<p>Mouse Sharkoon Shark Force II Black<\/p>\n","protected":false},"featured_media":252,"comment_status":"open","ping_status":"closed","template":"","meta":{"_et_pb_use_builder":"","_et_pb_old_content":"","_et_gb_content_width":""},"product_cat":[38,23],"product_tag":[],"class_list":{"0":"post-201","1":"product","2":"type-product","3":"status-publish","4":"has-post-thumbnail","6":"product_cat-mouse-tastiere","7":"product_cat-periferiche-esterne","9":"first","10":"instock","11":"shipping-taxable","12":"purchasable","13":"product-type-simple"},"_links":{"self":[{"href":"https:\/\/aztradestore.com\/index.php?rest_route=\/wp\/v2\/product\/201","targetHints":{"allow":["GET"]}}],"collection":[{"href":"https:\/\/aztradestore.com\/index.php?rest_route=\/wp\/v2\/product"}],"about":[{"href":"https:\/\/aztradestore.com\/index.php?rest_route=\/wp\/v2\/types\/product"}],"replies":[{"embeddable":true,"href":"https:\/\/aztradestore.com\/index.php?rest_route=%2Fwp%2Fv2%2Fcomments&post=201"}],"wp:featuredmedia":[{"embeddable":true,"href":"https:\/\/aztradestore.com\/index.php?rest_route=\/wp\/v2\/media\/252"}],"wp:attachment":[{"href":"https:\/\/aztradestore.com\/index.php?rest_route=%2Fwp%2Fv2%2Fmedia&parent=201"}],"wp:term":[{"taxonomy":"product_cat","embeddable":true,"href":"https:\/\/aztradestore.com\/index.php?rest_route=%2Fwp%2Fv2%2Fproduct_cat&post=201"},{"taxonomy":"product_tag","embeddable":true,"href":"https:\/\/aztradestore.com\/index.php?rest_route=%2Fwp%2Fv2%2Fproduct_tag&post=201"}],"curies":[{"name":"wp","href":"https:\/\/api.w.org\/{rel}","templated":true}]}}