{"id":162,"date":"2024-12-19T12:35:25","date_gmt":"2024-12-19T12:35:25","guid":{"rendered":"http:\/\/aztradestore.com\/?post_type=product&#038;p=162"},"modified":"2024-12-19T12:35:56","modified_gmt":"2024-12-19T12:35:56","slug":"pc-case-bequiet-dark-base-900-schwarz","status":"publish","type":"product","link":"https:\/\/aztradestore.com\/?product=pc-case-bequiet-dark-base-900-schwarz","title":{"rendered":"PC- Case BeQuiet Dark Base 900 &#8211; schwarz"},"content":{"rendered":"<p>BeQuiet Dark Base 900 Black \u00e8 il case perfetto per tutti coloro che si aspettano gli standard pi\u00f9 elevati in termini di modularit\u00e0, compatibilit\u00e0 e design.<\/p>\n<ul>\n<li>Vassoio MB completamente riposizionabile con la possibilit\u00e0 di una disposizione inversa<\/li>\n<li>Vassoio HDD riposizionabile per soddisfare le esigenze di spazio individuali all&#8217;interno del case<\/li>\n<li>3 ventole preinstallate, praticamente inudibili, be quiet! Ventole Wings 3 PWM silenziose<\/li>\n<li>Sistema di flusso d&#8217;aria a circuito completo con prese d&#8217;aria a riduzione del rumore su tutto il telaio<\/li>\n<li>4 aree per il raffreddamento ad acqua di radiatori fino a 420 mm su top, fronte, retro e base<\/li>\n<li>3 anni di garanzia del produttore<\/li>\n<li>Concezione, design e controllo di qualit\u00e0 tedeschi<\/li>\n<\/ul>\n","protected":false},"excerpt":{"rendered":"<p>PC- Case BeQuiet Dark Base 900 &#8211; schwarz<\/p>\n","protected":false},"featured_media":212,"comment_status":"open","ping_status":"closed","template":"","meta":{"_et_pb_use_builder":"","_et_pb_old_content":"","_et_gb_content_width":""},"product_cat":[35,19],"product_tag":[],"class_list":{"0":"post-162","1":"product","2":"type-product","3":"status-publish","4":"has-post-thumbnail","6":"product_cat-case","7":"product_cat-componenti-pc","9":"first","10":"instock","11":"shipping-taxable","12":"purchasable","13":"product-type-simple"},"_links":{"self":[{"href":"https:\/\/aztradestore.com\/index.php?rest_route=\/wp\/v2\/product\/162","targetHints":{"allow":["GET"]}}],"collection":[{"href":"https:\/\/aztradestore.com\/index.php?rest_route=\/wp\/v2\/product"}],"about":[{"href":"https:\/\/aztradestore.com\/index.php?rest_route=\/wp\/v2\/types\/product"}],"replies":[{"embeddable":true,"href":"https:\/\/aztradestore.com\/index.php?rest_route=%2Fwp%2Fv2%2Fcomments&post=162"}],"wp:featuredmedia":[{"embeddable":true,"href":"https:\/\/aztradestore.com\/index.php?rest_route=\/wp\/v2\/media\/212"}],"wp:attachment":[{"href":"https:\/\/aztradestore.com\/index.php?rest_route=%2Fwp%2Fv2%2Fmedia&parent=162"}],"wp:term":[{"taxonomy":"product_cat","embeddable":true,"href":"https:\/\/aztradestore.com\/index.php?rest_route=%2Fwp%2Fv2%2Fproduct_cat&post=162"},{"taxonomy":"product_tag","embeddable":true,"href":"https:\/\/aztradestore.com\/index.php?rest_route=%2Fwp%2Fv2%2Fproduct_tag&post=162"}],"curies":[{"name":"wp","href":"https:\/\/api.w.org\/{rel}","templated":true}]}}