{"id":123,"date":"2024-12-19T12:35:03","date_gmt":"2024-12-19T12:35:03","guid":{"rendered":"http:\/\/aztradestore.com\/?post_type=product&#038;p=123"},"modified":"2024-12-19T12:35:35","modified_gmt":"2024-12-19T12:35:35","slug":"vga-asrock-intel-arc-a580-8gb-challenger-oc","status":"publish","type":"product","link":"https:\/\/aztradestore.com\/?product=vga-asrock-intel-arc-a580-8gb-challenger-oc","title":{"rendered":"VGA ASRock Intel ARC A580 8GB Challenger OC"},"content":{"rendered":"<ul class=\"a-unordered-list a-vertical a-spacing-mini\">\n<li class=\"a-spacing-mini\"><span class=\"a-list-item\">OC Edition: Basato su un robusto design hardware, offre prestazioni migliori delle schede di riferimento<\/span><\/li>\n<li class=\"a-spacing-mini\"><span class=\"a-list-item\">Ventilatore assiale a righe: la ventola assiale a strisce presenta una pala della ventola a strisce con fondo lucido per un flusso d&#8217;aria ottimale e prestazioni di raffreddamento migliorate<\/span><\/li>\n<li class=\"a-spacing-mini\"><span class=\"a-list-item\">Raffreddamento silenzioso da 0 dB: quando la temperatura \u00e8 alta, la ventola ruoter\u00e0 per un raffreddamento ottimale e quando la temperatura \u00e8 bassa, la ventola si arresta e silenziosa<\/span><\/li>\n<li class=\"a-spacing-mini\"><span class=\"a-list-item\">Schede grafiche in lega super: le schede grafiche ASRock sono caricate con componenti di altissima qualit\u00e0 per le massime prestazioni e affidabilit\u00e0<\/span><\/li>\n<\/ul>\n","protected":false},"excerpt":{"rendered":"<p>VGA ASRock Intel ARC A580 8GB Challenger OC<\/p>\n","protected":false},"featured_media":171,"comment_status":"open","ping_status":"closed","template":"","meta":{"_et_pb_use_builder":"","_et_pb_old_content":"","_et_gb_content_width":""},"product_cat":[19,27],"product_tag":[],"class_list":{"0":"post-123","1":"product","2":"type-product","3":"status-publish","4":"has-post-thumbnail","6":"product_cat-componenti-pc","7":"product_cat-schede-video","9":"first","10":"instock","11":"shipping-taxable","12":"purchasable","13":"product-type-simple"},"_links":{"self":[{"href":"https:\/\/aztradestore.com\/index.php?rest_route=\/wp\/v2\/product\/123","targetHints":{"allow":["GET"]}}],"collection":[{"href":"https:\/\/aztradestore.com\/index.php?rest_route=\/wp\/v2\/product"}],"about":[{"href":"https:\/\/aztradestore.com\/index.php?rest_route=\/wp\/v2\/types\/product"}],"replies":[{"embeddable":true,"href":"https:\/\/aztradestore.com\/index.php?rest_route=%2Fwp%2Fv2%2Fcomments&post=123"}],"wp:featuredmedia":[{"embeddable":true,"href":"https:\/\/aztradestore.com\/index.php?rest_route=\/wp\/v2\/media\/171"}],"wp:attachment":[{"href":"https:\/\/aztradestore.com\/index.php?rest_route=%2Fwp%2Fv2%2Fmedia&parent=123"}],"wp:term":[{"taxonomy":"product_cat","embeddable":true,"href":"https:\/\/aztradestore.com\/index.php?rest_route=%2Fwp%2Fv2%2Fproduct_cat&post=123"},{"taxonomy":"product_tag","embeddable":true,"href":"https:\/\/aztradestore.com\/index.php?rest_route=%2Fwp%2Fv2%2Fproduct_tag&post=123"}],"curies":[{"name":"wp","href":"https:\/\/api.w.org\/{rel}","templated":true}]}}